{"id":3017,"date":"2014-12-18T13:55:31","date_gmt":"2014-12-18T12:55:31","guid":{"rendered":"http:\/\/www.watervogelbond.be\/ned\/?page_id=3017"},"modified":"2014-12-18T14:52:31","modified_gmt":"2014-12-18T13:52:31","slug":"ten-huize-van-rene-verbist","status":"publish","type":"page","link":"https:\/\/watervogelbond.be\/ned\/ten-huize-van-rene-verbist\/","title":{"rendered":"Ten Huize van Ren\u00e9 Verbist"},"content":{"rendered":"<p class=\"rtejustify\" style=\"text-align: justify;\"><img style=\"width: 203px; height: 288px; float: left;\" src=\"\/nl\/sites\/default\/files\/u1\/1_75.jpg\" alt=\"\" \/><span style=\"color: #000000;\">Zondag 5 juni 2011 was de dag waar we\u00a0 eigenlijk al lang naar uitgekeken hadden: een bezoek aan <strong>Ren\u00e9 Verbist<\/strong> te Rillaar.<\/span><\/p>\n<p class=\"rtejustify\" style=\"text-align: justify;\"><span style=\"color: #000000;\">Voor degenen die hem niet kennen, Ren\u00e9 was <strong>\u00e9\u00e9n van de eersten<\/strong> die in Belgi\u00eb met wildkleurige watervogels begonnen is, dat was eind jaren 60.<\/span><\/p>\n<p style=\"text-align: justify;\"><span style=\"color: #000000;\">Als klein manneke droomde hij ervan om watervogels te kweken en deze dan te gaan uitzetten op de Noordzee. Wat ouder zag hij voor de eerste keer mandarijnen en zoals zovelen was hij dadelijk verkocht en begon zijn dromen waar te maken.<\/span><\/p>\n<p style=\"text-align: justify;\"><span style=\"color: #000000;\">\u00a0<\/span><\/p>\n<p class=\"rtejustify\" style=\"text-align: justify;\"><span style=\"color: #000000;\">Er was toen geen telefoon of pc maar na lang zoeken vond hij twee adressen waar hij terecht kon om watervogels en tevens om raad. &#8216;We kunnen het ons haast niet voorstellen dat je niet even naar de winkel kon rijden om een zak voer te halen&#8230;..in die tijd was het er gewoon niet&#8217; aldus Ren\u00e9.<\/span><\/p>\n<p class=\"rtejustify\" style=\"text-align: justify;\"><span style=\"color: #000000;\">Er was nog maar weinig informatie beschikbaar over het houden van eenden, maar toch probeerde hij het. Men had nog geen idee van broeden en opfokken. Ren\u00e9 behoorde hiermee tot het selecte groepje pioniers in Belgi\u00eb op dit gebied. Hij kan op zeer boeiende wijze de verhalen vertellen over hoe het er vroeger aan toe ging en over de moeilijkheden die er waren om een gezond perk te hebben.<\/span><\/p>\n<p style=\"text-align: justify;\"><span style=\"color: #000000;\"><img style=\"width: 198px; height: 347px; float: right;\" src=\"\/nl\/sites\/default\/files\/u1\/Naamloos-5.png\" alt=\"\" \/>Wat vooral opvalt in zijn perken is de rust die de vogels uitstralen. Bijna alle koppels liepen met jongen rond, maar geen nerveus gedoe. We liepen gewoon langs de eenden en zelfs de jongen hadden geen schrik. Het komt vooral omdat hij dagelijks altijd tussen de eenden te vinden is en ze het aanzien van de mens ook niet meer als een\u00a0 vijand zien! Ook geeft Ren\u00e9 al zijn dieren floating op het water en dit zal natuurlijk hier ook aan\u00a0 bijdragen.\u00a0<\/span><\/p>\n<p class=\"rtejustify\" style=\"text-align: justify;\"><span style=\"color: #000000;\">Het is werkelijk een plezier om met Ren\u00e9 over eenden te praten, hij heeft geen geheimen, nee integendeel, hij vind dat de oudere generatie nog meer van hun ervaringen moeten doorgeven om op die manier onze hobby op gezonde en verantwoorde wijze in stand te houden.<\/span><\/p>\n<p class=\"rtejustify\" style=\"text-align: justify;\"><span style=\"color: #000000;\">Het was\u00a0 een plezierige maar vooral boeiende middag. We danken Ren\u00e9 voor zijn uitnodiging en hopen dat het verslag, foto&#8217;s en filmpjes een mooie inspiratiebron zullen zijn voor alle andere watervogelliefhebbers.<\/span><\/p>\n<ul>\n<li><a href=\"http:\/\/watervogelbond.jalbum.net\/Ten_huize_van_Rene_Verbist\/\" target=\"_blank\">Foto&#8217;s Ten huize van Ren\u00e9 Verbist<\/a><\/li>\n<\/ul>\n<table width=\"100%\">\n<tbody>\n<tr>\n<th scope=\"col\"><iframe loading=\"lazy\" src=\"\/\/player.vimeo.com\/video\/24869151?title=0&amp;byline=0&amp;portrait=0\" width=\"450\" height=\"338\" frameborder=\"0\" allowfullscreen=\"allowfullscreen\"><\/iframe><\/th>\n<th scope=\"col\"><iframe loading=\"lazy\" src=\"\/\/player.vimeo.com\/video\/24954621?title=0&amp;byline=0&amp;portrait=0\" width=\"450\" height=\"338\" frameborder=\"0\" allowfullscreen=\"allowfullscreen\"><\/iframe><\/th>\n<\/tr>\n<tr>\n<th colspan=\"2\" scope=\"col\"><iframe loading=\"lazy\" src=\"\/\/player.vimeo.com\/video\/24954727?title=0&amp;byline=0&amp;portrait=0\" width=\"450\" height=\"338\" frameborder=\"0\" allowfullscreen=\"allowfullscreen\"><\/iframe><\/th>\n<\/tr>\n<\/tbody>\n<\/table>\n<hr \/>\n<p>&nbsp;<\/p>\n","protected":false},"excerpt":{"rendered":"<p>Zondag 5 juni 2011 was de dag waar we\u00a0 eigenlijk al lang naar uitgekeken hadden:&#8230;<\/p>\n","protected":false},"author":1,"featured_media":0,"parent":0,"menu_order":0,"comment_status":"open","ping_status":"closed","template":"","meta":[],"_links":{"self":[{"href":"https:\/\/watervogelbond.be\/ned\/wp-json\/wp\/v2\/pages\/3017"}],"collection":[{"href":"https:\/\/watervogelbond.be\/ned\/wp-json\/wp\/v2\/pages"}],"about":[{"href":"https:\/\/watervogelbond.be\/ned\/wp-json\/wp\/v2\/types\/page"}],"author":[{"embeddable":true,"href":"https:\/\/watervogelbond.be\/ned\/wp-json\/wp\/v2\/users\/1"}],"replies":[{"embeddable":true,"href":"https:\/\/watervogelbond.be\/ned\/wp-json\/wp\/v2\/comments?post=3017"}],"version-history":[{"count":4,"href":"https:\/\/watervogelbond.be\/ned\/wp-json\/wp\/v2\/pages\/3017\/revisions"}],"predecessor-version":[{"id":3066,"href":"https:\/\/watervogelbond.be\/ned\/wp-json\/wp\/v2\/pages\/3017\/revisions\/3066"}],"wp:attachment":[{"href":"https:\/\/watervogelbond.be\/ned\/wp-json\/wp\/v2\/media?parent=3017"}],"curies":[{"name":"wp","href":"https:\/\/api.w.org\/{rel}","templated":true}]}}